{"id":73,"date":"2020-01-22T09:40:57","date_gmt":"2020-01-22T09:40:57","guid":{"rendered":"http:\/\/remsecker-waldlauf.de\/?page_id=73"},"modified":"2026-05-06T19:20:09","modified_gmt":"2026-05-06T19:20:09","slug":"ausschreibung","status":"publish","type":"page","link":"https:\/\/remsecker-waldlauf.de\/?page_id=73","title":{"rendered":"Informationen"},"content":{"rendered":"\n<h4 class=\"wp-block-heading\"><strong>#Ausschreibung<\/strong><\/h4>\n\n\n\n<p class=\"has-cyan-bluish-gray-background-color has-background\">Remsecker Waldlauf: <strong><a href=\"https:\/\/remsecker-waldlauf.de\/wp-content\/uploads\/2025\/03\/waldlauf_remseck_flyer_202501.pdf\" data-type=\"attachment\" data-id=\"2141\" target=\"_blank\" rel=\"noreferrer noopener\">Als PDF zum Download!<\/a><\/strong> (in Bearbeitung f\u00fcr 2026)<\/p>\n\n\n\n<p class=\"has-cyan-bluish-gray-background-color has-background\">Kreismeisterschaften Waldlauf: <strong><a href=\"https:\/\/remsecker-waldlauf.de\/wp-content\/uploads\/2026\/02\/KM-Waldlauf_Remseck-Hochdorf-2026.pdf\" data-type=\"link\" data-id=\"https:\/\/remsecker-waldlauf.de\/wp-content\/uploads\/2026\/02\/KM-Waldlauf_Remseck-Hochdorf-2026.pdf\" target=\"_blank\" rel=\"noreferrer noopener\">Als PDF zum Download!<\/a><\/strong><\/p>\n\n\n\n<h4 class=\"wp-block-heading\"><strong>#Start und Ziel<\/strong><\/h4>\n\n\n\n<p>Am Waldeingang Remseck \/ Hochdorf (neuer Friedhof, Schlo\u00dfstra\u00dfe 36)  <\/p>\n\n\n\n<h4 class=\"wp-block-heading\"><strong>#Anmeldungen<\/strong><\/h4>\n\n\n\n<p>Online voraussichtlich ab 01.04.2026 (00:00 Uhr) bis zum 25.09.2026 (22:00 Uhr Online) und ggf. Nachmeldung am 26.09.2026 bis 60 Minuten vor Start m\u00f6glich, sofern freie Startpl\u00e4tze verf\u00fcgbar. Nachmeldegeb\u00fchr 3 Euro.<\/p>\n\n\n\n<p>Startgeb\u00fchren: Bambinilauf 3,00 \u20ac, Sch\u00fclerl\u00e4ufe 6,00 \u20ac, Jugendlauf 6,00 \u20ac und Kurz-\/Mittel-\/Langstrecke 10,00 \u20ac.<\/p>\n\n\n\n<h4 class=\"wp-block-heading\"><strong>#L\u00e4ufe<\/strong><\/h4>\n\n\n\n<p><strong>FLACHS-BAMBINILAUF<\/strong> f\u00fcr alle Kinder Jahrgang 2021 \u2013 2023, Start: 10:30 Uhr weiblich\/ 10:45 Uhr m\u00e4nnlich, Strecke 500m, Eltern d\u00fcrfen ihre Bambinis gerne beim Lauf begleiten.<\/p>\n\n\n\n<p><strong>CONNECTRONIC \u2013  SCH\u00dcLERLAUF <\/strong>Sch\u00fcler*innen Jahrgang 2017 \u2013 2020, Start: 11:00 Uhr weiblich\/ 11:15 Uhr m\u00e4nnlich, Strecke 1.000m durch den Wald.<\/p>\n\n\n\n<p><strong>V\/i\/t PHYSIO \u2013  SCH\u00dcLERLAUF<\/strong> Sch\u00fcler*innen Jahrgang 2013 \u2013 2016, Start: 11:30 Uhr weiblich\/ 11:45 Uhr m\u00e4nnlich, Strecke 1.900m durch den Wald.<\/p>\n\n\n\n<p><strong>HENNEMANN ELEKTROTECHNIK<\/strong> <strong>\u2013  KURZSTRECKE<\/strong> Teens Jahrgang 2007 \u2013 2012, ideal f\u00fcr Laufanf\u00e4nger ab Jahrgang 2006 und \u00e4lter, Walker sind herzlich willkommen, Start: 12:00 Uhr, Strecke 3.000m durch den Wald.<\/p>\n\n\n\n<p><strong>BAUIDEEN21 \u2013 MITTELSTRECKE<\/strong> f\u00fcr alle L\u00e4ufer*innen ab Jahrgang 2006, ideal auch f\u00fcr Vereine, Firmen oder Freizeitlaufgruppen. 5.000m durch den Wald, Start: 13:00 Uhr. Gerne k\u00f6nnt ihr euch als Team anmelden. Ein Team besteht aus 3 Teilnehmer. Es gibt eine Wertung als Mixed-Team (m\/w).<\/p>\n\n\n\n<p><strong>SEITEL \u2013 LANGSTRECKE<\/strong> Ideal f\u00fcr Trail-, Wald- und Langstreckenl\u00e4ufer ab Jahrgang 2006 und \u00e4lter, \u00fcber 7.500m bis zum Ziel, Start: 14:00 Uhr.<\/p>\n\n\n\n<p>F\u00fcr die L\u00e4ufe <strong>CONNECTRONIC \u2013  SCH\u00dcLERLAUF<\/strong>, <strong>V\/i\/t PHYSIO \u2013  SCH\u00dcLERLAUF<\/strong>, <strong>HENNEMANN ELEKTROTECHNIK<\/strong> <strong>\u2013  KURZSTRECKE<\/strong>, <strong>BAUIDEEN21 \u2013 MITTELSTRECKE<\/strong> und <strong><strong>SEITEL \u2013 LANGSTRECKE<\/strong><\/strong> k\u00f6nnen sich Ludwigsburger Leichtathletikvereine zu den Kreiswaldlaufmeisterschaften im Lauf anmelden. Bitte hierf\u00fcr das Kreuz bei der Anmeldung nicht vergessen.<\/p>\n\n\n\n<h4 class=\"wp-block-heading\"><strong>#Startnummern<\/strong><\/h4>\n\n\n\n<p>Die Ausgabe der Startnummern erfolgt am Freitag ab 16:30 Uhr bis 18:00 Uhr und Samstag ab 9:30 Uhr im Start\/Zielbereich (neuer Friedhof, Schlo\u00dfstra\u00dfe 36).<\/p>\n\n\n\n<h4 class=\"wp-block-heading\"><strong>#Startpaket<\/strong><\/h4>\n\n\n\n<p>Jeder angemeldete Teilnehmer erh\u00e4lt eine Startnummer mit integriertem Chip. Alle Teilnehmer k\u00f6nnen sich ein recyceltes Funktionshirt zum Remsecker Waldlauf<strong> online bis zum 05.09.2026<\/strong> bei der Anmeldung bestellen (nur so lange der Vorrat reicht). Gr\u00f6\u00dfe (Kinder: 104, 110, 116, 122, 128, 134, 140, 146, 152, 158, 164; Damen\/Herren: XXS, XS, S, M, L, XL, XXL, 3XL, 4XL) unbedingt mit angeben. Preis f\u00fcr Kinder 15,00 Euro und Erwachsene 20,00 Euro (<strong>neues Desing in Planung f\u00fcr 2026<\/strong>). <\/p>\n\n\n\n<p><em>Aktuell in Bearbeitung &#8211; es wird eine neue Farbe geben!<\/em><\/p>\n\n\n\n<figure class=\"wp-block-gallery has-nested-images columns-default is-cropped wp-block-gallery-1 is-layout-flex wp-block-gallery-is-layout-flex\">\n<figure class=\"wp-block-image size-large\"><img loading=\"lazy\" decoding=\"async\" width=\"1024\" height=\"812\" data-id=\"2635\" src=\"https:\/\/remsecker-waldlauf.de\/wp-content\/uploads\/2025\/03\/d6d98e88-8077-416c-a68f-e58c9cc722d9-1024x812.jpeg\" alt=\"\" class=\"wp-image-2635\" srcset=\"https:\/\/remsecker-waldlauf.de\/wp-content\/uploads\/2025\/03\/d6d98e88-8077-416c-a68f-e58c9cc722d9-1024x812.jpeg 1024w, https:\/\/remsecker-waldlauf.de\/wp-content\/uploads\/2025\/03\/d6d98e88-8077-416c-a68f-e58c9cc722d9-300x238.jpeg 300w, https:\/\/remsecker-waldlauf.de\/wp-content\/uploads\/2025\/03\/d6d98e88-8077-416c-a68f-e58c9cc722d9-768x609.jpeg 768w, https:\/\/remsecker-waldlauf.de\/wp-content\/uploads\/2025\/03\/d6d98e88-8077-416c-a68f-e58c9cc722d9-1536x1217.jpeg 1536w, https:\/\/remsecker-waldlauf.de\/wp-content\/uploads\/2025\/03\/d6d98e88-8077-416c-a68f-e58c9cc722d9-1x1.jpeg 1w, https:\/\/remsecker-waldlauf.de\/wp-content\/uploads\/2025\/03\/d6d98e88-8077-416c-a68f-e58c9cc722d9-600x476.jpeg 600w, https:\/\/remsecker-waldlauf.de\/wp-content\/uploads\/2025\/03\/d6d98e88-8077-416c-a68f-e58c9cc722d9-146x116.jpeg 146w, https:\/\/remsecker-waldlauf.de\/wp-content\/uploads\/2025\/03\/d6d98e88-8077-416c-a68f-e58c9cc722d9.jpeg 1600w\" sizes=\"auto, (max-width: 1024px) 100vw, 1024px\" \/><\/figure>\n<\/figure>\n\n\n\n<figure class=\"wp-block-image size-large\"><img loading=\"lazy\" decoding=\"async\" width=\"1024\" height=\"816\" src=\"https:\/\/remsecker-waldlauf.de\/wp-content\/uploads\/2025\/03\/Gr.-Kinder-1024x816.jpg\" alt=\"\" class=\"wp-image-2648\" srcset=\"https:\/\/remsecker-waldlauf.de\/wp-content\/uploads\/2025\/03\/Gr.-Kinder-1024x816.jpg 1024w, https:\/\/remsecker-waldlauf.de\/wp-content\/uploads\/2025\/03\/Gr.-Kinder-300x239.jpg 300w, https:\/\/remsecker-waldlauf.de\/wp-content\/uploads\/2025\/03\/Gr.-Kinder-768x612.jpg 768w, https:\/\/remsecker-waldlauf.de\/wp-content\/uploads\/2025\/03\/Gr.-Kinder-1x1.jpg 1w, https:\/\/remsecker-waldlauf.de\/wp-content\/uploads\/2025\/03\/Gr.-Kinder-600x478.jpg 600w, https:\/\/remsecker-waldlauf.de\/wp-content\/uploads\/2025\/03\/Gr.-Kinder-146x116.jpg 146w, https:\/\/remsecker-waldlauf.de\/wp-content\/uploads\/2025\/03\/Gr.-Kinder.jpg 1288w\" sizes=\"auto, (max-width: 1024px) 100vw, 1024px\" \/><\/figure>\n\n\n\n<figure class=\"wp-block-image size-full\"><img loading=\"lazy\" decoding=\"async\" width=\"766\" height=\"689\" src=\"https:\/\/remsecker-waldlauf.de\/wp-content\/uploads\/2025\/03\/image.png\" alt=\"\" class=\"wp-image-2649\" srcset=\"https:\/\/remsecker-waldlauf.de\/wp-content\/uploads\/2025\/03\/image.png 766w, https:\/\/remsecker-waldlauf.de\/wp-content\/uploads\/2025\/03\/image-300x270.png 300w, https:\/\/remsecker-waldlauf.de\/wp-content\/uploads\/2025\/03\/image-1x1.png 1w, https:\/\/remsecker-waldlauf.de\/wp-content\/uploads\/2025\/03\/image-600x540.png 600w, https:\/\/remsecker-waldlauf.de\/wp-content\/uploads\/2025\/03\/image-129x116.png 129w\" sizes=\"auto, (max-width: 766px) 100vw, 766px\" \/><\/figure>\n\n\n\n<h4 class=\"wp-block-heading\"><strong>#Verpflegung<\/strong><\/h4>\n\n\n\n<p>Im Start- und Zielbereich gibt es warme Speisen, Getr\u00e4nke, sowie Kaffee und Kuchen.<\/p>\n\n\n\n<h4 class=\"wp-block-heading\"><strong>#Duschen und Umkleiden<\/strong><\/h4>\n\n\n\n<p>Die Dusch- und Umkleidekabinen befinden sich in der Schulturnhalle der Grundschule Hochdorf.<\/p>\n\n\n\n<h4 class=\"wp-block-heading\"><strong>#Zielschluss<\/strong><\/h4>\n\n\n\n<p>F\u00fcr alle Wettbewerbe gilt ein Zielschluss (bis die n\u00e4chsten L\u00e4ufe starten), d.h. nach dieser Zeit erfolgt f\u00fcr L\u00e4ufer, die das Ziel noch nicht erreicht haben, keine Wertung.  <\/p>\n\n\n\n<h4 class=\"wp-block-heading\"><strong>#Zeitnahme, Auswertung und Ergebnisse<\/strong><\/h4>\n\n\n\n<p>F\u00fcr alle Wettbewerbe \u00fcbernimmt die Firma race result AG die Auswertung. Die Zeitnahme erfolgt mittels Startnummer mit einem integriertem Transponder. <\/p>\n\n\n\n<h4 class=\"wp-block-heading\"><strong>#Siegerehrung und Auszeichnung<\/strong><\/h4>\n\n\n\n<p>Die Siegerehrung und Auszeichnungen werden im Freien (Start-\/Zielbereich) stattfinden. Es werden die ersten drei L\u00e4uferinnen\/ L\u00e4ufer ab dem CONNECTRONIC &#8211; SCH\u00dcLERLAUF geehrt. F\u00fcr die Kreiswaldlaufmeisterschaften gibt es eine Altersklassensiegerehrung (Pl\u00e4tze 1 bis 3).<\/p>\n\n\n\n<p>Die Siegerehrung f\u00fcr die L\u00e4ufe am Vormittag beginnen ab 12 Uhr und f\u00fcr die L\u00e4ufe am Nachmittag ab 15:00 Uhr. Alle Teilnehmerinnen\/ Teilnehmer des <strong>FACHS-BAMBINILAUFS<\/strong> und dem <strong>CONNECTRONIC \u2013  SCH\u00dcLERLAUF<\/strong> erhalten eine Medaille. Jeder Teilnehmer kann \u00fcber race result AG seine Urkunde herunterladen. Zudem gibt es noch Sonderpreise zu gewinnen:<\/p>\n\n\n\n<ul class=\"wp-block-list\">\n<li>die gr\u00f6\u00dfte Teilnehmerzahl bei den Kinderg\u00e4rten (<strong>FLACHS-BAMBINILAUF<\/strong>),<\/li>\n\n\n\n<li>die gr\u00f6\u00dfte Teilnehmerzahl bei den Grundschulen (Wertung: <strong>CONNECTRONIC \u2013  SCH\u00dcLERLAUF<\/strong>),<\/li>\n\n\n\n<li>die gr\u00f6\u00dfte Teilnehmerzahl bei den weiterf\u00fchrenden Schulen (Wertung: <strong>V\/i\/t PHYSIO \u2013 SCH\u00dcLERLAUF<\/strong> und <strong>HENNEMANN ELEKTROTECHNIK<\/strong> <strong>\u2013 KURZSTRECKE<\/strong> zusammen),<\/li>\n\n\n\n<li>die drei schnellsten Mixed-Teams bei der 5.000m <strong>BAUIDEEN21 \u2013 MITTELSTRECKE<\/strong>. Ein Team besteht aus den drei schnellsten L\u00e4uferinnen\/ L\u00e4ufer. Sofern mehrere Teilnehmer f\u00fcr ein Team gemeldet werden, so werden mehrere Teams gewertet.<\/li>\n<\/ul>\n\n\n\n<p><strong>#Musik und Moderation<\/strong><\/p>\n\n\n\n<p>Vor, w\u00e4hrend und nach dem Wettkampf wird f\u00fcr \u201eGute-Laune-Musik\u201c gesorgt. So wird der Remsecker Waldlauf zu einem besonderen Erlebnis. Die Moderation erfolgt durch Achim Seiter.  <\/p>\n\n\n\n<h4 class=\"wp-block-heading\"><strong>#Anreisen\/Parken <\/strong><\/h4>\n\n\n\n<p>Wir empfehlen die Anreise mit dem Bus. Es stehen zudem Parkpl\u00e4tze in beschr\u00e4nkter Anzahl vor der Gemeindehalle Hochdorf zur Verf\u00fcgung. Das Parken bei der Grundschule Hochdorf sowie in der Schlo\u00dfstra\u00dfe ist am Tag der Veranstaltung nicht m\u00f6glich. Anreise bitte fr\u00fchzeitig, um Behinderungen im Start und Zielbereich zu vermeiden. Siehe hierzu auch den Punkt Lageplan.<\/p>\n\n\n\n<figure class=\"wp-block-image size-large\"><img loading=\"lazy\" decoding=\"async\" width=\"1024\" height=\"683\" src=\"https:\/\/remsecker-waldlauf.de\/wp-content\/uploads\/2025\/02\/IMG_8647-1024x683.jpg\" alt=\"\" class=\"wp-image-2618\" srcset=\"https:\/\/remsecker-waldlauf.de\/wp-content\/uploads\/2025\/02\/IMG_8647-1024x683.jpg 1024w, https:\/\/remsecker-waldlauf.de\/wp-content\/uploads\/2025\/02\/IMG_8647-300x200.jpg 300w, https:\/\/remsecker-waldlauf.de\/wp-content\/uploads\/2025\/02\/IMG_8647-768x512.jpg 768w, https:\/\/remsecker-waldlauf.de\/wp-content\/uploads\/2025\/02\/IMG_8647-1536x1024.jpg 1536w, https:\/\/remsecker-waldlauf.de\/wp-content\/uploads\/2025\/02\/IMG_8647-2048x1365.jpg 2048w, https:\/\/remsecker-waldlauf.de\/wp-content\/uploads\/2025\/02\/IMG_8647-2x1.jpg 2w, https:\/\/remsecker-waldlauf.de\/wp-content\/uploads\/2025\/02\/IMG_8647-600x400.jpg 600w, https:\/\/remsecker-waldlauf.de\/wp-content\/uploads\/2025\/02\/IMG_8647-174x116.jpg 174w\" sizes=\"auto, (max-width: 1024px) 100vw, 1024px\" \/><figcaption class=\"wp-element-caption\">Wir freuen uns auf euch &#8211; euer Orgateam!<\/figcaption><\/figure>\n\n\n\n<h4 class=\"wp-block-heading\"><strong>#Allgemeine Teilnahmebedingungen zum Remsecker Wadlauf<\/strong><\/h4>\n\n\n\n<p class=\"has-cyan-bluish-gray-background-color has-background\">Mit der Anmeldung erkennt der Teilnehmer ausdr\u00fccklich die&nbsp;<strong><a rel=\"noreferrer noopener\" aria-label=\"Satzungen (\u00f6ffnet in neuem Tab)\" href=\"https:\/\/www.leichtathletik.de\/service\/downloads\/dlv-satzung-und-ordnungen\/\" target=\"_blank\">Satzungen<\/a><a rel=\"noreferrer noopener\" href=\"https:\/\/deref-1und1.de\/mail\/client\/NyD9ZzcZOis\/dereferrer\/?redirectUrl=http%3A%2F%2Fwww.leichtathletik.de%2Fservice%2Fdownloads%2Fdlv-satzung-und-ordnungen%2F\" target=\"_blank\"> <\/a><a rel=\"noreferrer noopener\" aria-label=\"und Ordnungen des DLV (\u00f6ffnet in neuem Tab)\" href=\"https:\/\/www.leichtathletik.de\/service\/downloads\/dlv-satzung-und-ordnungen\/\" target=\"_blank\">und Ordnungen des DLV<\/a>,<\/strong> insbesondere die&nbsp;<a rel=\"noreferrer noopener\" aria-label=\"Deutsche Leichtathletik-Ordnung (DLO (\u00f6ffnet in neuem Tab)\" href=\"https:\/\/www.leichtathletik.de\/service\/downloads\/dlv-satzung-und-ordnungen\/\" target=\"_blank\">D<strong>eutsche Leichtathletik-Ordnung (DLO)<\/strong><\/a>, den<strong>&nbsp;<a rel=\"noreferrer noopener\" aria-label=\"DLV-Anti-Doping-Code (DLV-ADC) (\u00f6ffnet in neuem Tab)\" href=\"https:\/\/www.leichtathletik.de\/service\/downloads\/dlv-satzung-und-ordnungen\/\" target=\"_blank\">DLV-Anti-Doping-Code (DLV-ADC)<\/a><\/strong>&nbsp;und die&nbsp;<a rel=\"noreferrer noopener\" aria-label=\"Internationalen Wettkampfregeln (IWR) (\u00f6ffnet in neuem Tab)\" href=\"https:\/\/www.leichtathletik.de\/service\/downloads\/regelwerk-der-leichtathletik\/\" target=\"_blank\"><strong>Internationalen Wettkampfregeln (IWR)<\/strong><\/a>&nbsp;an und unterwirft sich den entsprechenden Bestimmungen.<\/p>\n\n\n\n<h4 class=\"wp-block-heading\"><strong>#Bestimmungen<\/strong><\/h4>\n\n\n\n<p>Der Lauf wird nach Int. Wettkampfregeln (IWR) durchgef\u00fchrt.<\/p>\n\n\n\n<p>Startberechtigt ist, wer das in der Ausschreibung genannte Mindestalter erreicht hat. Es wird vorausgesetzt, dass der Teilnehmer fit ist und f\u00fcr den Wettkampf ausreichend trainiert hat.<\/p>\n\n\n\n<h4 class=\"wp-block-heading\"><strong>#Anweisungen<\/strong><\/h4>\n\n\n\n<p>Den Anweisungen des Veranstalters sind im Zusammenhang mit der Veranstaltung unbedingt Folge zu leisten. Zuwiderhandlungen, die den Verlauf der Veranstaltung gef\u00e4hrden, k\u00f6nnen zum Ausschluss f\u00fchren.<\/p>\n\n\n\n<h4 class=\"wp-block-heading\"><strong>#Nichtantritt<\/strong><\/h4>\n\n\n\n<p>Tritt ein gemeldeter Teilnehmer nicht zum Lauf an, besteht kein Anspruch auf R\u00fcckzahlung des Organisationsbeitrags.<\/p>\n\n\n\n<h4 class=\"wp-block-heading\"><strong>#Unvorhersehbarkeit<\/strong><\/h4>\n\n\n\n<p>Der Veranstalter beh\u00e4lt sich das Recht vor, bei unvorhersehbaren Ereignissen die Strecke zu \u00e4ndern, den Lauf abzusagen oder abzubrechen. Es besteht kein Anspruch auf R\u00fcckerstattung des Organisationsbeitrags bei Nichtantritt, bei Absage oder Abbruch des Laufes durch h\u00f6here Gewalt. Eine notwendige medizinische Behandlung erfolgt auf Kosten des Teilnehmers.<\/p>\n\n\n\n<h4 class=\"wp-block-heading\"><strong>#Haftungsausschluss<\/strong><\/h4>\n\n\n\n<p>Der Teilnehmer stellt die Organisatoren, den Sport- und Gesangverein Hochdorf e.V. sowie die Stadt Remseck von s\u00e4mtlichen Haftungsanspr\u00fcchen frei, sofern diese nicht durch gesetzliche Haftungsanspr\u00fcche gedeckt sind. Dies gilt auch f\u00fcr s\u00e4mtliche Anspr\u00fcche, die der Teilnehmer oder ggf. dessen Erben oder sonstige Dritte aufgrund von erlittenen Verletzungen oder im Todesfall geltend machen k\u00f6nnten. Der Veranstalter \u00fcbernimmt keine Haftung f\u00fcr unentgeltlich verwahrte Gegenst\u00e4nde der Teilnehmer.<\/p>\n\n\n\n<hr class=\"wp-block-separator has-text-color has-luminous-vivid-amber-color has-alpha-channel-opacity has-luminous-vivid-amber-background-color has-background\"\/>\n\n\n\n<p class=\"has-cyan-bluish-gray-background-color has-background\"><a href=\"mailto:info@remsecker-waldlauf.de\"><strong>info@remsecker-waldlauf.de<\/strong><\/a><\/p>\n","protected":false},"excerpt":{"rendered":"<p>#Ausschreibung Remsecker Waldlauf: Als PDF zum Download! (in Bearbeitung f\u00fcr 2026) Kreismeisterschaften Waldlauf: Als PDF zum Download! #Start und Ziel Am Waldeingang Remseck \/ Hochdorf (neuer Friedhof, Schlo\u00dfstra\u00dfe 36) #Anmeldungen Online voraussichtlich ab 01.04.2026 (00:00 Uhr) bis zum 25.09.2026 (22:00 Uhr Online) und ggf. Nachmeldung am 26.09.2026 bis 60 Minuten vor Start m\u00f6glich, sofern freie [&hellip;]<\/p>\n","protected":false},"author":1,"featured_media":0,"parent":0,"menu_order":0,"comment_status":"closed","ping_status":"closed","template":"","meta":{"pgc_sgb_lightbox_settings":"","two_page_speed":[],"footnotes":""},"class_list":["post-73","page","type-page","status-publish","hentry"],"_links":{"self":[{"href":"https:\/\/remsecker-waldlauf.de\/index.php?rest_route=\/wp\/v2\/pages\/73","targetHints":{"allow":["GET"]}}],"collection":[{"href":"https:\/\/remsecker-waldlauf.de\/index.php?rest_route=\/wp\/v2\/pages"}],"about":[{"href":"https:\/\/remsecker-waldlauf.de\/index.php?rest_route=\/wp\/v2\/types\/page"}],"author":[{"embeddable":true,"href":"https:\/\/remsecker-waldlauf.de\/index.php?rest_route=\/wp\/v2\/users\/1"}],"replies":[{"embeddable":true,"href":"https:\/\/remsecker-waldlauf.de\/index.php?rest_route=%2Fwp%2Fv2%2Fcomments&post=73"}],"version-history":[{"count":121,"href":"https:\/\/remsecker-waldlauf.de\/index.php?rest_route=\/wp\/v2\/pages\/73\/revisions"}],"predecessor-version":[{"id":2984,"href":"https:\/\/remsecker-waldlauf.de\/index.php?rest_route=\/wp\/v2\/pages\/73\/revisions\/2984"}],"wp:attachment":[{"href":"https:\/\/remsecker-waldlauf.de\/index.php?rest_route=%2Fwp%2Fv2%2Fmedia&parent=73"}],"curies":[{"name":"wp","href":"https:\/\/api.w.org\/{rel}","templated":true}]}}