{"id":483,"date":"2021-09-22T15:10:21","date_gmt":"2021-09-22T15:10:21","guid":{"rendered":"https:\/\/remsecker-waldlauf.de\/?page_id=483"},"modified":"2025-02-11T06:17:26","modified_gmt":"2025-02-11T06:17:26","slug":"lageplan","status":"publish","type":"page","link":"https:\/\/remsecker-waldlauf.de\/?page_id=483","title":{"rendered":"Lageplan"},"content":{"rendered":"<div class=\"wp-block-image\">\n<figure class=\"aligncenter size-full is-resized\"><img loading=\"lazy\" decoding=\"async\" width=\"671\" height=\"649\" src=\"https:\/\/remsecker-waldlauf.de\/wp-content\/uploads\/2024\/09\/Lageplan2.jpg\" alt=\"\" class=\"wp-image-2188\" style=\"width:702px;height:auto\" srcset=\"https:\/\/remsecker-waldlauf.de\/wp-content\/uploads\/2024\/09\/Lageplan2.jpg 671w, https:\/\/remsecker-waldlauf.de\/wp-content\/uploads\/2024\/09\/Lageplan2-300x290.jpg 300w, https:\/\/remsecker-waldlauf.de\/wp-content\/uploads\/2024\/09\/Lageplan2-1x1.jpg 1w, https:\/\/remsecker-waldlauf.de\/wp-content\/uploads\/2024\/09\/Lageplan2-120x116.jpg 120w\" sizes=\"auto, (max-width: 671px) 100vw, 671px\" \/><\/figure><\/div>\n\n\n<p class=\"has-text-align-center\">Gesamt\u00fcbersicht: Parkpl\u00e4tze (geringe Anzahl &#8211; Empfehlung \u00d6PNV), Fu\u00dfweg Richtung Waldlauf &amp; Start-\/Zielbereich (Quelle: Google Maps)<\/p>\n\n\n\n<figure class=\"wp-block-image size-large\"><img loading=\"lazy\" decoding=\"async\" width=\"1024\" height=\"576\" src=\"https:\/\/remsecker-waldlauf.de\/wp-content\/uploads\/2025\/02\/Lageplan_Start-Zielbereich-1024x576.jpg\" alt=\"\" class=\"wp-image-2615\" srcset=\"https:\/\/remsecker-waldlauf.de\/wp-content\/uploads\/2025\/02\/Lageplan_Start-Zielbereich-1024x576.jpg 1024w, https:\/\/remsecker-waldlauf.de\/wp-content\/uploads\/2025\/02\/Lageplan_Start-Zielbereich-300x169.jpg 300w, https:\/\/remsecker-waldlauf.de\/wp-content\/uploads\/2025\/02\/Lageplan_Start-Zielbereich-768x432.jpg 768w, https:\/\/remsecker-waldlauf.de\/wp-content\/uploads\/2025\/02\/Lageplan_Start-Zielbereich-2x1.jpg 2w, https:\/\/remsecker-waldlauf.de\/wp-content\/uploads\/2025\/02\/Lageplan_Start-Zielbereich-700x394.jpg 700w, https:\/\/remsecker-waldlauf.de\/wp-content\/uploads\/2025\/02\/Lageplan_Start-Zielbereich-600x338.jpg 600w, https:\/\/remsecker-waldlauf.de\/wp-content\/uploads\/2025\/02\/Lageplan_Start-Zielbereich-206x116.jpg 206w, https:\/\/remsecker-waldlauf.de\/wp-content\/uploads\/2025\/02\/Lageplan_Start-Zielbereich.jpg 1280w\" sizes=\"auto, (max-width: 1024px) 100vw, 1024px\" \/><\/figure>\n\n\n\n<p class=\"has-text-align-center\">Detail\u00fcbersicht: Start-\/Zielbereich (Quelle: Felix Mayer)<br><\/p>\n\n\n\n<hr class=\"wp-block-separator has-text-color has-luminous-vivid-amber-color has-alpha-channel-opacity has-luminous-vivid-amber-background-color has-background\"\/>\n\n\n\n<p class=\"has-cyan-bluish-gray-background-color has-background\"><a href=\"mailto:info@remsecker-waldlauf.de\"><strong>info@remsecker-waldlauf.de<\/strong><\/a><\/p>\n","protected":false},"excerpt":{"rendered":"<p>Gesamt\u00fcbersicht: Parkpl\u00e4tze (geringe Anzahl &#8211; Empfehlung \u00d6PNV), Fu\u00dfweg Richtung Waldlauf &amp; Start-\/Zielbereich (Quelle: Google Maps) Detail\u00fcbersicht: Start-\/Zielbereich (Quelle: Felix Mayer) info@remsecker-waldlauf.de<\/p>\n","protected":false},"author":1,"featured_media":0,"parent":0,"menu_order":0,"comment_status":"closed","ping_status":"closed","template":"","meta":{"pgc_sgb_lightbox_settings":"","two_page_speed":[],"footnotes":""},"class_list":["post-483","page","type-page","status-publish","hentry"],"_links":{"self":[{"href":"https:\/\/remsecker-waldlauf.de\/index.php?rest_route=\/wp\/v2\/pages\/483","targetHints":{"allow":["GET"]}}],"collection":[{"href":"https:\/\/remsecker-waldlauf.de\/index.php?rest_route=\/wp\/v2\/pages"}],"about":[{"href":"https:\/\/remsecker-waldlauf.de\/index.php?rest_route=\/wp\/v2\/types\/page"}],"author":[{"embeddable":true,"href":"https:\/\/remsecker-waldlauf.de\/index.php?rest_route=\/wp\/v2\/users\/1"}],"replies":[{"embeddable":true,"href":"https:\/\/remsecker-waldlauf.de\/index.php?rest_route=%2Fwp%2Fv2%2Fcomments&post=483"}],"version-history":[{"count":20,"href":"https:\/\/remsecker-waldlauf.de\/index.php?rest_route=\/wp\/v2\/pages\/483\/revisions"}],"predecessor-version":[{"id":2616,"href":"https:\/\/remsecker-waldlauf.de\/index.php?rest_route=\/wp\/v2\/pages\/483\/revisions\/2616"}],"wp:attachment":[{"href":"https:\/\/remsecker-waldlauf.de\/index.php?rest_route=%2Fwp%2Fv2%2Fmedia&parent=483"}],"curies":[{"name":"wp","href":"https:\/\/api.w.org\/{rel}","templated":true}]}}