{"id":1378,"date":"2023-02-06T14:13:26","date_gmt":"2023-02-06T14:13:26","guid":{"rendered":"https:\/\/remsecker-waldlauf.de\/?page_id=1378"},"modified":"2026-02-13T14:03:33","modified_gmt":"2026-02-13T14:03:33","slug":"startseite","status":"publish","type":"page","link":"https:\/\/remsecker-waldlauf.de\/","title":{"rendered":"Startseite"},"content":{"rendered":"\n<figure class=\"wp-block-image size-large\"><img loading=\"lazy\" decoding=\"async\" width=\"724\" height=\"1024\" src=\"https:\/\/remsecker-waldlauf.de\/wp-content\/uploads\/2026\/02\/RunningCrew-Remseck-1-724x1024.jpg\" alt=\"\" class=\"wp-image-2940\" srcset=\"https:\/\/remsecker-waldlauf.de\/wp-content\/uploads\/2026\/02\/RunningCrew-Remseck-1-724x1024.jpg 724w, https:\/\/remsecker-waldlauf.de\/wp-content\/uploads\/2026\/02\/RunningCrew-Remseck-1-212x300.jpg 212w, https:\/\/remsecker-waldlauf.de\/wp-content\/uploads\/2026\/02\/RunningCrew-Remseck-1-768x1086.jpg 768w, https:\/\/remsecker-waldlauf.de\/wp-content\/uploads\/2026\/02\/RunningCrew-Remseck-1-1086x1536.jpg 1086w, https:\/\/remsecker-waldlauf.de\/wp-content\/uploads\/2026\/02\/RunningCrew-Remseck-1-1x1.jpg 1w, https:\/\/remsecker-waldlauf.de\/wp-content\/uploads\/2026\/02\/RunningCrew-Remseck-1-424x600.jpg 424w, https:\/\/remsecker-waldlauf.de\/wp-content\/uploads\/2026\/02\/RunningCrew-Remseck-1-82x116.jpg 82w, https:\/\/remsecker-waldlauf.de\/wp-content\/uploads\/2026\/02\/RunningCrew-Remseck-1.jpg 1414w\" sizes=\"auto, (max-width: 724px) 100vw, 724px\" \/><\/figure>\n\n\n\n<p><strong>Frohes neues Jahr, liebe L\u00e4uferinnen und L\u00e4ufer!<\/strong><br><br>Wir w\u00fcnschen euch einen gesunden, sportlichen und erfolgreichen Start ins Jahr 2026! &#x1f332;&#x1f3c3;&#x200d;&#x2640;&#xfe0f;&#x1f3c3;&#x200d;&#x2642;&#xfe0f;<br>M\u00f6ge euch die Motivation auch in diesem Jahr auf all euren Laufwegen begleiten \u2013 ob beim Training im Winterwald, bei Wettk\u00e4mpfen oder nat\u00fcrlich beim n\u00e4chsten Remsecker Waldlauf.<br>Ein herzliches Dankesch\u00f6n geht an alle Teilnehmenden, Helfenden und Unterst\u00fctzenden, die 2025 zu einem tollen Laufjahr gemacht haben. Ihr seid der Herzschlag unserer Veranstaltung!<br>Wir freuen uns schon darauf, euch 2026 wieder an der Startlinie zu sehen.<br><br>Bis dahin: bleibt fit, genie\u00dft die Natur und lauft mit Freude ins neue Jahr! &#x1f31f;<br><br>Euer<br>Team des Remsecker Waldlaufs<\/p>\n\n\n\n<figure class=\"wp-block-image size-large\"><img loading=\"lazy\" decoding=\"async\" width=\"1024\" height=\"575\" src=\"https:\/\/remsecker-waldlauf.de\/wp-content\/uploads\/2026\/01\/IMG_0524-1024x575.jpeg\" alt=\"\" class=\"wp-image-2925\" srcset=\"https:\/\/remsecker-waldlauf.de\/wp-content\/uploads\/2026\/01\/IMG_0524-1024x575.jpeg 1024w, https:\/\/remsecker-waldlauf.de\/wp-content\/uploads\/2026\/01\/IMG_0524-300x169.jpeg 300w, https:\/\/remsecker-waldlauf.de\/wp-content\/uploads\/2026\/01\/IMG_0524-768x431.jpeg 768w, https:\/\/remsecker-waldlauf.de\/wp-content\/uploads\/2026\/01\/IMG_0524-1536x863.jpeg 1536w, https:\/\/remsecker-waldlauf.de\/wp-content\/uploads\/2026\/01\/IMG_0524-2048x1151.jpeg 2048w, https:\/\/remsecker-waldlauf.de\/wp-content\/uploads\/2026\/01\/IMG_0524-2x1.jpeg 2w, https:\/\/remsecker-waldlauf.de\/wp-content\/uploads\/2026\/01\/IMG_0524-700x394.jpeg 700w, https:\/\/remsecker-waldlauf.de\/wp-content\/uploads\/2026\/01\/IMG_0524-600x337.jpeg 600w, https:\/\/remsecker-waldlauf.de\/wp-content\/uploads\/2026\/01\/IMG_0524-206x116.jpeg 206w\" sizes=\"auto, (max-width: 1024px) 100vw, 1024px\" \/><\/figure>\n\n\n\n<p><\/p>\n\n\n\n<hr class=\"wp-block-separator has-text-color has-luminous-vivid-amber-color has-alpha-channel-opacity has-luminous-vivid-amber-background-color has-background\"\/>\n\n\n\n<p class=\"has-cyan-bluish-gray-background-color has-background\"><a href=\"mailto:info@remsecker-waldlauf.de\"><strong>info@remsecker-waldlauf.de<\/strong><\/a><\/p>\n","protected":false},"excerpt":{"rendered":"<p>Frohes neues Jahr, liebe L\u00e4uferinnen und L\u00e4ufer! Wir w\u00fcnschen euch einen gesunden, sportlichen und erfolgreichen Start ins Jahr 2026! &#x1f332;&#x1f3c3;&#x200d;&#x2640;&#xfe0f;&#x1f3c3;&#x200d;&#x2642;&#xfe0f;M\u00f6ge euch die Motivation auch in diesem Jahr auf all euren Laufwegen begleiten \u2013 ob beim Training im Winterwald, bei Wettk\u00e4mpfen oder nat\u00fcrlich beim n\u00e4chsten Remsecker Waldlauf.Ein herzliches Dankesch\u00f6n geht an alle Teilnehmenden, Helfenden und Unterst\u00fctzenden, [&hellip;]<\/p>\n","protected":false},"author":1,"featured_media":0,"parent":0,"menu_order":0,"comment_status":"closed","ping_status":"closed","template":"","meta":{"pgc_sgb_lightbox_settings":"","two_page_speed":[],"footnotes":""},"class_list":["post-1378","page","type-page","status-publish","hentry"],"_links":{"self":[{"href":"https:\/\/remsecker-waldlauf.de\/index.php?rest_route=\/wp\/v2\/pages\/1378","targetHints":{"allow":["GET"]}}],"collection":[{"href":"https:\/\/remsecker-waldlauf.de\/index.php?rest_route=\/wp\/v2\/pages"}],"about":[{"href":"https:\/\/remsecker-waldlauf.de\/index.php?rest_route=\/wp\/v2\/types\/page"}],"author":[{"embeddable":true,"href":"https:\/\/remsecker-waldlauf.de\/index.php?rest_route=\/wp\/v2\/users\/1"}],"replies":[{"embeddable":true,"href":"https:\/\/remsecker-waldlauf.de\/index.php?rest_route=%2Fwp%2Fv2%2Fcomments&post=1378"}],"version-history":[{"count":126,"href":"https:\/\/remsecker-waldlauf.de\/index.php?rest_route=\/wp\/v2\/pages\/1378\/revisions"}],"predecessor-version":[{"id":2941,"href":"https:\/\/remsecker-waldlauf.de\/index.php?rest_route=\/wp\/v2\/pages\/1378\/revisions\/2941"}],"wp:attachment":[{"href":"https:\/\/remsecker-waldlauf.de\/index.php?rest_route=%2Fwp%2Fv2%2Fmedia&parent=1378"}],"curies":[{"name":"wp","href":"https:\/\/api.w.org\/{rel}","templated":true}]}}