{"id":12,"date":"2020-01-22T08:07:55","date_gmt":"2020-01-22T08:07:55","guid":{"rendered":"http:\/\/remsecker-waldlauf.de\/?page_id=12"},"modified":"2022-07-23T12:20:40","modified_gmt":"2022-07-23T12:20:40","slug":"datenschutz","status":"publish","type":"page","link":"https:\/\/remsecker-waldlauf.de\/?page_id=12","title":{"rendered":"Datenschutz"},"content":{"rendered":"\n<p><strong>Angaben gem\u00e4\u00df \u00a7 5 TMG:<\/strong><\/p>\n\n\n\n<p>Ausrichter f\u00fcr den Remsecker Waldlauf und zust\u00e4ndig f\u00fcr die Erstellung der Homepage ist der Sport- und Gesangverein Hochdorf e.V.!  <\/p>\n\n\n\n<p>Der Sport- und Gesangverein Hochdorf e.V. (im Folgenden SGV bzw. \u201eWir\u201c oder \u201eUns\u201c) freut sich \u00fcber Ihren Besuch unserer Internetseite (auch \u201eOnline-Angebot\u201c) und \u00fcber Ihr Interesse an unserem Waldlauf bzw. Verein.<br> &nbsp;<br> <strong>1. Der SGV respektiert Ihre Privatsph\u00e4re<\/strong><br>Der Schutz Ihrer Privatsph\u00e4re bei der Verarbeitung personenbezogener Daten sowie die Sicherheit aller Vereinsdaten ist uns ein wichtiges Anliegen, das wir in unseren Prozessen ber\u00fccksichtigen. Wir verarbeiten personenbezogene Daten, die bei Ihrem Besuch unserer Online-Angebote erhoben werden, vertraulich und nur gem\u00e4\u00df den gesetzlichen Bestimmungen. Datenschutz und Informationssicherheit sind Bestandteil unserer Vereinspolitik.<br> &nbsp;<br> <strong>2. Verantwortlicher<\/strong><br> Verantwortlicher f\u00fcr die Verarbeitung Ihrer Daten ist der SGV; Ausnahmen werden in diesen Datenschutzhinweisen erl\u00e4utert.<br> Unsere Kontaktdaten lauten wie folgt:<br> Sport- und Gesangverein Hochdorf e.V.<br> Kirchenweinbergweg 10<br> 71686 Remseck<br> E-Mail:&nbsp;<a href=\"mailto:vorstand@sgv-hochdorf.de\"><strong>vorstand@sgv-hochdorf.de<\/strong><\/a><br> &nbsp;<br> <strong>3. Erhebung, Verarbeitung und Nutzung personenbezogener Daten<\/strong><\/p>\n\n\n\n<p><em>a. Verarbeitete Datenkategorien<\/em><br>\nEs werden folgende Datenkategorien verarbeitet:<br>\n\u2981\nKommunikationsdaten (z.B. Name, Telefon, E-Mail, Anschrift, IP-Adresse)<br>\n\u2981\nBewegungsdaten (z.B. Cookies)<\/p>\n\n\n\n<p>&nbsp;<em>b. Grunds\u00e4tze<\/em><br>\nPersonenbezogene Daten sind alle Informationen, die sich auf eine\nidentifizierte oder identifizierbare nat\u00fcrliche Person beziehen, also\nbeispielsweise Namen, Anschriften, Telefonnummern, E-Mail-Adressen, Vertrags-,\nBuchungs- und Abrechnungsdaten, die Ausdruck der Identit\u00e4t einer Person sind.<br>\nWir erheben, verarbeiten und nutzen personenbezogene Daten (inklusive\nIP-Adressen) nur dann, wenn hierf\u00fcr eine gesetzliche Rechtsgrundlage gegeben\nist oder Sie uns diesbez\u00fcglich, z. B. im Rahmen einer Registrierung, Ihre\nEinwilligung erteilt haben.<br>\n&nbsp;<br>\n<em>c. Verarbeitungszwecke und\nRechtsgrundlagen<\/em><br>\nWir und von uns beauftragte Dienstleister verarbeiten Ihre personenbezogenen\nDaten f\u00fcr folgende Verarbeitungszwecke:<\/p>\n\n\n\n<p><em>1. Bereitstellung dieses\nOnline-Angebots&nbsp;<\/em><br>\n(Rechtsgrundlage: Berechtigtes Interesse unsererseits an Direktmarketing,\nsolange dies im Einklang mit datenschutzrechtlichen und wettbewerbsrechtlichen\nVorgaben erfolgt).<\/p>\n\n\n\n<p><em>2. Zur Ermittlung von St\u00f6rungen\nund aus Sicherheitsgr\u00fcnden<\/em><br>\n(Rechtsgrundlagen: Erf\u00fcllung unserer rechtlichen Verpflichtungen im Bereich\nDatensicherheit und berechtigtes Interesse an der Beseitigung von St\u00f6rungen und\nder Sicherheit unserer Angebote).<\/p>\n\n\n\n<p>3. Eigenwerbung und\nReichweitenmessung im gesetzlich zul\u00e4ssigen Umfang bzw. einwilligungsbasiert,\ninklusive Kontaktformular, um sich bei Anfragen zu unserem Verein zu Zwecken\nder Vertragserf\u00fcllung an uns zu wenden.<br>\n(Rechtsgrundlage: Einwilligung \/ berechtigtes Interesse unsererseits an\nDirektmarketing, solange dies im Einklang mit datenschutzrechtlichen und\nwettbewerbsrechtlichen Vorgaben erfolgt).<\/p>\n\n\n\n<p><em>4. Versand eines Newsletters\nmit Einwilligung des Empf\u00e4ngers per E-Mail<\/em><br>\n(Rechtsgrundlage: Einwilligung).<\/p>\n\n\n\n<p><em>5. Betrieb einer Community und\neiner mobilen App f\u00fcr angemeldete<\/em>&nbsp;Mitglieder zum\nZweck des Informationsaustausches sowie der Anmeldung zu Aktionen des SGV.<br>\n(Rechtsgrundlage: Vertragserf\u00fcllung)<\/p>\n\n\n\n<p><em>6. Wahrung und Verteidigung\nunserer Rechte<\/em><br>\n(Rechtsgrundlage: Berechtigtes Interesse unsererseits an Geltendmachung und\nVerteidigung unserer Rechte).<\/p>\n\n\n\n<p><em>d. Log-Dateien<\/em><br>\nBei jeder Nutzung des Internets werden von Ihrem Internet-Browser automatisch\nbestimmte Informationen \u00fcbermittelt und von uns in so genannten Log-Dateien\ngespeichert.<br>\nDie Log-Dateien werden von uns zur Ermittlung von St\u00f6rungen und\nSicherheitsgr\u00fcnden (z. B. zur Aufkl\u00e4rung von Angriffsversuchen) f\u00fcr einen\nkurzen Zeitraum gespeichert und danach gel\u00f6scht. Log-Dateien, deren weitere\nAufbewahrung zu Beweiszwecken erforderlich ist, sind von der L\u00f6schung\nausgenommen bis zur endg\u00fcltigen Kl\u00e4rung des jeweiligen Vorfalls und k\u00f6nnen im\nEinzelfall an Ermittlungsbeh\u00f6rden weitergegeben werden.<br>\nLog-Dateien werden (ohne bzw. ohne vollst\u00e4ndige IP-Adresse) auch zu\nAnalysezwecken gem\u00e4\u00df den gesetzlichen Bestimmungen verwendet. In den\nLog-Dateien werden insbesondere folgende Informationen gespeichert:<br>\n\u2981\nIP-Adresse (Internetprotokoll-Adresse) des Endger\u00e4ts, von dem aus auf das Online-Angebot zugriffen wird;<br>\n\u2981\nInternetadresse der Website, von der aus das Online-Angebot aufgerufen wurde\n(sog. Herkunfts- oder Referrer-URL);<br>\n\u2981\nName des Service-Providers, \u00fcber\nden der Zugriff auf das Online-Angebot erfolgt;<br>\n\u2981\nName der abgerufenen Dateien bzw. Informationen;<br>\n\u2981\nDatum und Uhrzeit sowie Dauer des Abrufs;<br>\n\u2981\n\u00fcbertragene\nDatenmenge;<br>\n\u2981\nBetriebssystem und Informationen zum verwendeten Internet-Browser\neinschlie\u00dflich installierter Add-Ons (z. B. f\u00fcr den Flash Player);<br>\n\u2981\nhttp-Status-Code (z. B. \u201cAnfrage\nerfolgreich\u201d\noder \u201cangeforderte\nDatei nicht gefunden\u201d).<br>\n&nbsp;<br>\n<em>e. Kinder<\/em><br>\nUnser Angebot richtet sich grunds\u00e4tzlich an Erwachsene. Personen unter 18\nJahren sollten ohne Zustimmung der Eltern oder Erziehungsberechtigten keine\npersonenbezogenen Daten an uns \u00fcbermitteln.<br>\n<br>\n<strong>4. Weitergabe von Daten<\/strong><\/p>\n\n\n\n<p><em>a. Weitergabe von Daten an\nandere Verantwortliche<\/em><br>\nIhre personenbezogenen Daten werden von uns grunds\u00e4tzlich nur dann an andere\nVerantwortliche \u00fcbermittelt, soweit dies zur Vertragserf\u00fcllung erforderlich\nist, wir&nbsp; oder der Dritte ein berechtigtes Interesse an der Weitergabe\nhaben oder Ihre Einwilligung hierf\u00fcr vorliegt. Einzelheiten zu den Rechtsgrundlagen\nfinden Sie im Abschnitt 3.c. Verarbeitungszwecke und Rechtsgrundlagen. Sofern\nDaten an Dritte auf Basis eines berechtigten Interesses \u00fcbermittelt werden,\nwird dies in diesen Datenschutzhinweisen erl\u00e4utert.<br>\nDar\u00fcber hinaus k\u00f6nnen Daten an andere Verantwortliche \u00fcbermittelt werden,\nsoweit wir aufgrund gesetzlicher Bestimmungen oder durch vollstreckbare\nbeh\u00f6rdliche bzw. gerichtliche Anordnung hierzu verpflichtet sein sollten.<br>\n&nbsp;<br>\n<em>b. Dienstleister (allgemein)<\/em><br>\nWir beauftragen externe Dienstleister mit Aufgaben wie Vertragsmanagement,\nProgrammierung und Datenhosting. Wir haben diese Dienstleister sorgf\u00e4ltig\nausgew\u00e4hlt und \u00fcberwachen sie regelm\u00e4\u00dfig, insbesondere ihren sorgsamen Umgang\nmit und die Absicherung der bei ihnen gespeicherten Daten. S\u00e4mtliche Dienstleister\nwerden von uns zur Vertraulichkeit und zur Einhaltung der gesetzlichen Vorgaben\nverpflichtet.<br>\n&nbsp;<br>\n<em>c. Weitergabe an Empf\u00e4nger\nau\u00dferhalb des EWR<\/em><br>\nWir k\u00f6nnen personenbezogene Daten auch an Empf\u00e4nger, die ihren Sitz au\u00dferhalb\ndes EWR in so genannten Drittstaaten haben, weitergeben. In diesem Fall stellen\nwir vor der Weitergabe sicher, dass beim Empf\u00e4nger entweder ein angemessenes\nDatenschutzniveau besteht (z. B. aufgrund einer Angemessenheitsentscheidung der\nEU Kommission f\u00fcr das jeweilige Land oder auf der Basis des EU-US-Privacy\nShield oder die Vereinbarung so genannter EU Standardvertragsklauseln der\nEurop\u00e4ischen Union mit dem Empf\u00e4nger) oder Ihre Einwilligung in die Weitergabe\nvorliegt.<br>\nSie k\u00f6nnen bei uns eine \u00dcbersicht \u00fcber die Empf\u00e4nger in Drittl\u00e4ndern und eine\nKopie der konkret vereinbarten Regelungen zur Sicherstellung des angemessenen\nDatenschutzniveaus erhalten. Bitte nutzen Sie hierf\u00fcr die Angaben im Abschnitt\n12. Kontakt.<br>\n&nbsp;<br>\n<strong>5. Dauer der Speicherung;\nAufbewahrungsfristen<\/strong><br>\nWir speichern Ihre Daten grunds\u00e4tzlich solange, wie dies zur Erbringung unseres\nOnline-Angebots und der damit verbundenen Services erforderlich ist bzw. wir\nein berechtigtes Interesse an der weiteren Speicherung haben (z. B. k\u00f6nnen wir\nauch nach Erf\u00fcllung eines Vertrages noch ein berechtigtes Interesse an\npostalischem Marketing haben). In allen anderen F\u00e4llen l\u00f6schen wir Ihre\npersonenbezogenen Daten mit Ausnahme solcher Daten, die wir zur Erf\u00fcllung\nrechtlicher Verpflichtungen weiter speichern m\u00fcssen (z. B. sind wir aufgrund steuer-\nund handelsrechtlicher Aufbewahrungsfristen verpflichtet, Dokumente wie z. B.\nVertr\u00e4ge und Rechnungen f\u00fcr einen gewissen Zeitraum vorzuhalten).<br>\n&nbsp;<br>\n<strong>6. Verwendung von Cookies<\/strong><br>\n&nbsp;<br>\n<em>a. Allgemeines<\/em><br>\nCookies sind kleine Textdateien, die bei dem Besuch eines Online-Angebots auf\nIhrem Computer gespeichert werden. Wird dieses Online-Angebot von Ihnen erneut\naufgerufen, sendet Ihr Browser den Inhalt der Cookies an den jeweiligen\nAnbieter zur\u00fcck und erm\u00f6glicht so eine Wiedererkennung des Endger\u00e4ts. Das\nAuslesen von Cookies erm\u00f6glicht es uns, unser Online-Angebot f\u00fcr Sie optimal zu\ngestalten und Ihnen die Nutzung zu erleichtern.<br>\n&nbsp;<br>\n<em>b. Ausschalten und L\u00f6schen von\nCookies<\/em><br>\nWenn Sie unsere Internetseiten besuchen, werden Sie in einem Cookie-Layer Pop\nUp gefragt, ob Sie die Cookies, welche auf unserer Seite gesetzt werden,\nzulassen oder in den Einstellungen ausschalten m\u00f6chten.<br>\nEntscheiden Sie sich daf\u00fcr, die Cookies nicht zuzulassen, dann wird in Ihrem\nBrowser ein Opt-Out Cookie gesetzt. Dieses Cookie dient ausschlie\u00dflich der Zuordnung\nIhres Widerspruchs. Das Ausschalten der Cookies kann allerdings dazu f\u00fchren,\ndass Ihnen einzelne Funktionen unserer Internetseiten nicht mehr zur Verf\u00fcgung\nstehen. Bitte beachten Sie, dass ein Opt-Out Cookie aus technischen Gr\u00fcnden nur\nf\u00fcr den Browser, von dem aus es gesetzt wurde, Verwendung finden kann. Wenn Sie\ndie Cookies l\u00f6schen oder einen anderen Browser bzw. ein anderes Endger\u00e4t\nverwenden, m\u00fcssen Sie das Opt-Out erneut vornehmen.<br>\nVon der Einstellungsm\u00f6glichkeit nicht erfasst sind Cookies, die w\u00e4hrend Ihres\nBesuchs auf Internetseiten Dritter von anderen Anbietern gesetzt wurden.<br>\n\u00dcber Ihren Browser k\u00f6nnen Sie jedoch jederzeit s\u00e4mtliche Cookies l\u00f6schen.\nHierzu informieren Sie sich bitte in den Hilfefunktionen Ihres Browsers. Auch\ndies kann allerdings dazu f\u00fchren, dass Ihnen einzelne Funktionen nicht mehr zur\nVerf\u00fcgung stehen.<br>\nAu\u00dferdem besteht \u00fcber ihren Browser die M\u00f6glichkeit, die Verwendung von\nCookies, auch von Drittanbietern zu verwalten und zu deaktivieren.<br>\n&nbsp;<br>\n<em>c. \u00dcbersicht zu den von uns verwendeten\nCookies<\/em><br>\nIn diesem Abschnitt finden Sie eine \u00dcbersicht zu den von uns verwendeten\nCookies.<br>\n&nbsp;<br>\n<em>i. Unbedingt erforderliche\nCookies<\/em><br>\nBestimmte Cookies sind erforderlich, damit wir unser Online-Angebot sicher\nbereitstellen k\u00f6nnen. In diese Kategorie fallen z. B.<br>\n\u2981\nCookies, die der Identifizierung bzw. Authentifizierung unserer Nutzer dienen<br>\n&nbsp;<br>\n<em>ii. Analyse-Cookies<\/em><br>\nWir verwenden Analyse-Cookies, um das Nutzungsverhalten (z. B. besuchte\nUnterseiten) unserer Nutzer aufzeichnen und in statistischer Form auswerten zu\nk\u00f6nnen.<br>\n&nbsp;<br>\n<em>iii. Tracking Cookies im\nZusammenhang mit Social Plugins<\/em><br>\nAuf einigen Seiten unseres Online-Angebots sind Inhalte und Dienste von anderen\nAnbietern (z.B. Facebook, Twitter) eingebunden, die ihrerseits Cookies und\naktive Komponenten verwenden k\u00f6nnen. Wir haben auf die Verarbeitung von\npersonenbezogenen Daten durch diese Anbieter keinen Einfluss. N\u00e4here\nInformationen zu Social Plugins finden Sie im nachfolgenden Abschnitt zu Social\nPlugins.<br>\nZur Verarbeitung von Standortdaten:<br>\nUnser Angebot umfasst auch sogenannte Location Based Services, mit welchen wir\nIhnen spezielle Angebote bieten, die auf Ihren jeweiligen Standort\nzugeschnitten sind, oder f\u00fcr die Sie eine Routenplanung \u00fcber Google Maps sich\nerstellen lassen k\u00f6nnen. Um Ihnen diese Funktionen aus der Internetseite oder\nheraus anbieten zu k\u00f6nnen, erheben wir die jeweils letzten drei durch das\nmobile Endger\u00e4t \u00fcbermittelten GPS-Standorte und Ihre IP-Adresse, wenn Sie\nhierf\u00fcr Ihre Einwilligung erteilen. Wir erstellen hierbei kein Bewegungsprofil.\nSie k\u00f6nnen diese Funktion jeder Zeit in den Einstellungen der jeweiligen App\noder des Betriebssystems Ihres Endger\u00e4ts deaktivieren und auch wieder\naktivieren.<br>\nBei einer Routenplanung \u00fcber Google Maps weisen wir darauf hin, dass diese\nWebseite von Google nicht von uns betrieben wird, so dass wir nicht\nverantwortlich sind und auf Inhalte und Verf\u00fcgbarkeit keinen Einfluss haben.<\/p>\n\n\n\n<p><em>d. Social Plugins<\/em><br> Wir verwenden in unserem Online-Angebot sogenannte Social Plugins verschiedener sozialer Netzwerke; diese werden in diesem Abschnitt einzeln beschrieben.<br> Bei Verwendung der Plugins stellt Ihr Internet-Browser eine direkte Verbindung zu den Servern des jeweiligen sozialen Netzwerks her. Hierdurch erh\u00e4lt der jeweilige Anbieter die Information, dass Ihr Internet-Browser die entsprechende Seite unseres Online-Angebots aufgerufen hat, auch wenn Sie kein Benutzerkonto bei dem Anbieter besitzen oder gerade nicht in dieses eingeloggt sind. Log-Dateien (einschlie\u00dflich der IP-Adresse) werden dabei von Ihrem Internet-Browser direkt an einen Server des jeweiligen Anbieters \u00fcbermittelt und ggf. dort gespeichert. Der Anbieter bzw. dessen Server kann seinen Standort au\u00dferhalb der EU bzw. des EWR haben (z. B. in den USA).<br> Die Plugins stellen selbst\u00e4ndige Erweiterungen der Anbieter der sozialen Netzwerke dar. Wir haben daher keinen Einfluss auf den Umfang der von den Anbietern der sozialen Netzwerke \u00fcber die Plugins erhobenen und gespeicherten Daten.<br> Zweck und Umfang der Erhebung, der weiteren Verarbeitung und Nutzung der Daten durch das soziale Netzwerk sowie Ihre diesbez\u00fcglichen Rechte und Einstellungsm\u00f6glichkeiten zum Schutz Ihrer Privatsph\u00e4re entnehmen Sie bitte den Datenschutzhinweisen des jeweiligen sozialen Netzwerkes.<br> Wenn Sie nicht m\u00f6chten, dass die Anbieter der sozialen Netzwerke Daten \u00fcber dieses Online-Angebot erhalten und ggf. speichern bzw. weiterverwenden, sollten Sie die jeweiligen Plugins nicht verwenden.<br> &nbsp;<br> e. Plugins von Facebook<br> Facebook wird unter www.facebook.com von Facebook Inc., 1601 S. California Ave, Palo Alto, CA 94304, USA, und unter www.facebook.de von Facebook Ireland Limited, Hanover Reach, 5-7 Hanover Quay, Dublin 2, Irland, betrieben (\u201cFacebook\u201d). Eine \u00dcbersicht \u00fcber die Plugins von Facebook und deren Aussehen finden Sie hier:&nbsp;<strong><a href=\"https:\/\/developers.facebook.com\/docs\/plugins\/\">https:\/\/developers.facebook.com\/docs\/plugins\/<\/a>;<\/strong> Informationen zum Datenschutz bei Facebook finden Sie hier:&nbsp;<a href=\"http:\/\/www.facebook.com\/policy.php\"><strong>http:\/\/www.facebook.com\/policy.php<\/strong><\/a>.<br> &nbsp;<br> <strong>7. Newsletter<\/strong>&nbsp;<br> Newsletter mit Anmeldung; Widerrufsrecht<br> Sie k\u00f6nnen im Rahmen unseres Online-Angebots unseren Newsletter abonnieren. Wir verwenden hierf\u00fcr das sogenannte Double Opt-In \u2013 Verfahren, wonach wir Ihnen erst dann einen Newsletter per E-Mail zusenden werden, wenn Sie uns zuvor ausdr\u00fccklich durch das Anklicken eines Links in einer Benachrichtigung die Aktivierung des Newsletter-Dienstes best\u00e4tigt haben. Sollten Sie sich sp\u00e4ter gegen den Erhalt von Newslettern entscheiden, k\u00f6nnen Sie das Abonnement jederzeit beenden indem Sie Ihre Einwilligung widerrufen. Der Widerruf erfolgt f\u00fcr E-Mail-Newsletter \u00fcber den im Newsletter abgedruckten Link. Alternativ kontaktieren Sie uns bitte \u00fcber die Angaben im Abschnitt 12. Kontakt.<br> &nbsp;<br> <strong>8. Externe Links<\/strong><br> Unser Online-Angebot kann Links zu Internetseiten Dritter enthalten \u2212 mit uns nicht verbundener Anbieter enthalten. Nach Anklicken des Links haben wir keinen Einfluss mehr auf die Erhebung, Verarbeitung und Nutzung etwaiger mit dem Anklicken des Links an den Dritten \u00fcbertragener, personenbezogener Daten (wie zum Beispiel die IP-Adresse oder die URL der Seite, auf der sich der Link befindet), da das Verhalten Dritter naturgem\u00e4\u00df unserer Kontrolle entzogen ist. F\u00fcr die Verarbeitung derartiger personenbezogener Daten durch Dritte \u00fcbernehmen wir keine Verantwortung.<br> &nbsp;<br> <strong>9. Sicherheit<\/strong><br> Unsere Mitglieder, Mitarbeiter und die von uns beauftragten Dienstleistungsunternehmen sind zur Verschwiegenheit und Einhaltung der Bestimmungen der anwendbaren Datenschutzgesetze verpflichtet.<br> Wir treffen alle erforderlichen technischen und organisatorischen Ma\u00dfnahmen um ein angemessenes Schutzniveau zu gew\u00e4hrleisten und Ihre durch uns verwalteten Daten insbesondere vor den Risiken der unbeabsichtigten oder unrechtm\u00e4\u00dfigen Vernichtung, Manipulation, Verlust, Ver\u00e4nderung oder unbefugter Offenlegung bzw. unbefugtem Zugriff zu sch\u00fctzen. Unsere Sicherheitsma\u00dfnahmen werden entsprechend der technologischen Entwicklung st\u00e4ndig verbessert.<br> &nbsp;<br> <strong>10. Rechte der Nutzer<\/strong><br> Bitte nutzen Sie zur Geltendmachung Ihrer Rechte die Angaben im Abschnitt<br> 12. Kontakt. Bitte stellen Sie dabei sicher, dass uns eine eindeutige Identifizierung Ihrer Person m\u00f6glich ist.&nbsp;<\/p>\n\n\n\n<p><em>a. Informations- und Auskunftsrecht<\/em><br>\nSie haben das Recht, von uns Informationen \u00fcber die Verarbeitung Ihrer Daten zu\nerhalten. Hierzu k\u00f6nnen Sie ein Recht auf Auskunft in Bezug auf die\npersonenbezogenen Informationen, die wir von Ihnen verarbeiten, geltend\nmachen.&nbsp;<\/p>\n\n\n\n<p><em>b. Berichtigungs- und\nL\u00f6schungsrecht<\/em><br>\nSie k\u00f6nnen von uns die Berichtigung falscher Daten und \u2013 soweit die\ngesetzlichen Voraussetzungen erf\u00fcllt sind \u2013 Vervollst\u00e4ndigung oder L\u00f6schung\nIhrer Daten verlangen.<br>\nDies gilt nicht f\u00fcr Daten, die f\u00fcr Abrechnungs- und Buchhaltungszwecke\nerforderlich sind oder der gesetzlichen Aufbewahrungspflicht unterliegen.\nSoweit der Zugriff auf solche Daten nicht ben\u00f6tigt wird, wird deren\nVerarbeitung aber eingeschr\u00e4nkt (siehe nachfolgend).&nbsp;<\/p>\n\n\n\n<p><em>c. Einschr\u00e4nkung der\nVerarbeitung<\/em><br>\nSie k\u00f6nnen von uns \u2013 soweit die gesetzlichen Voraussetzungen erf\u00fcllt sind \u2013\nverlangen, dass wir die Verarbeitung Ihrer Daten einschr\u00e4nken.&nbsp;<\/p>\n\n\n\n<p><em>d. Widerspruch gegen\nDatenverarbeitung<\/em><br>\nZudem haben Sie das Recht, jederzeit der Datenverarbeitung durch uns zu\nwidersprechen. Wir werden dann die Verarbeitung Ihrer Daten einstellen, es sei\ndenn, wir k\u00f6nnen \u2013 gem\u00e4\u00df den gesetzlichen Vorgaben \u2013 zwingende schutzw\u00fcrdige\nGr\u00fcnde f\u00fcr die Weiterverarbeitung nachweisen, welche Ihre Rechte \u00fcberwiegen.<\/p>\n\n\n\n<p><em>e. Widerspruch gegen\nDirektmarketing<\/em><br>\nSie k\u00f6nnen au\u00dferdem jederzeit Widerspruch gegen die Verarbeitung Ihrer\npersonenbezogenen Daten zu werblichen Zwecken einlegen (\u201cWerbewiderspruch\u201d).\nBitte ber\u00fccksichtigen Sie, dass es aus organisatorischen Gr\u00fcnden zu einer\n\u00dcberschneidung zwischen Ihrem Widerruf und der Nutzung Ihrer Daten im Rahmen\neiner bereits laufenden Kampagne kommen kann.<\/p>\n\n\n\n<p><em>f. Widerspruch gegen\nDatenverarbeitung bei Rechtsgrundlage \u201eberechtigtes Interesse\u201c<\/em><br>\nZudem haben Sie das Recht, jederzeit der Datenverarbeitung durch uns zu\nwidersprechen, soweit diese auf der Rechtsgrundlage berechtigtes Interesse\nberuht. Wir werden dann die Verarbeitung Ihrer Daten einstellen, es sei denn\nwir k\u00f6nnen \u2013 gem\u00e4\u00df den gesetzlichen Vorgaben \u2013 zwingende schutzw\u00fcrdige Gr\u00fcnde\nf\u00fcr die Weiterverarbeitung nachweisen, welche Ihre Rechte \u00fcberwiegen.<\/p>\n\n\n\n<p><em>g. Widerruf der Einwilligung<\/em><br>\nSofern Sie uns eine Einwilligung in die Verarbeitung Ihrer Daten erteilt haben,\nk\u00f6nnen Sie diese jederzeit mit Wirkung f\u00fcr die Zukunft widerrufen. Die\nRechtm\u00e4\u00dfigkeit der Verarbeitung Ihrer Daten bis zum Widerruf bleibt hiervon\nunber\u00fchrt.&nbsp;<\/p>\n\n\n\n<p><em>h. Datenportabilit\u00e4t<\/em><br>\nSie haben weiterhin das Recht, Daten, die Sie uns zur Verf\u00fcgung gestellt haben,\nin einem strukturierten, g\u00e4ngigen und maschinenlesbaren Format \u00fcbermittelt zu\nerhalten bzw. \u2013 soweit technisch machbar \u2013 zu verlangen, dass die Daten einem\nDritten \u00fcbermittelt werden.&nbsp;<\/p>\n\n\n\n<p>i. Beschwerderecht bei der Aufsichtsbeh\u00f6rde<br> Sie haben das Recht, eine Beschwerde bei einer Datenschutzbeh\u00f6rde einzureichen. Sie k\u00f6nnen sich dazu an die Datenschutzbeh\u00f6rde wenden, die f\u00fcr Ihren Wohnort bzw. Ihr Bundesland zust\u00e4ndig ist oder an die f\u00fcr uns zust\u00e4ndige Datenschutzbeh\u00f6rde. Dies ist:<br> Der Landesbeauftragte f\u00fcr den Datenschutz und die Informationsfreiheit<br> Hausanschrift: K\u00f6nigstrasse 10a, 70173 Stuttgart, DEUTSCHLAND<br> Postanschrift: Postfach 10 29 32, 70025 Stuttgart, DEUTSCHLAND<br> Tel.: 0711\/615541-0, FAX: 0711\/615541-15, E-Mail:&nbsp;<a href=\"mailto:poststelle@lfdi.bwl.de\"><strong>poststelle@lfdi.bwl.de<\/strong><\/a><br> &nbsp;<br> <strong>11. \u00c4nderung des Datenschutzhinweises<\/strong><br> Wir behalten uns das Recht vor, unsere Sicherheits- und Datenschutzma\u00dfnahmen zu ver\u00e4ndern, soweit dies wegen der technischen Entwicklung erforderlich ist. In diesen F\u00e4llen werden wir auch unsere Hinweise zum Datenschutz entsprechend anpassen. Bitte beachten Sie daher die jeweils aktuelle Version unseres Datenschutzhinweises.<br> &nbsp;<br> <strong>12. Kontakt<\/strong><br> Wenn Sie mit uns in Kontakt treten m\u00f6chten, erreichen Sie uns unter der im Abschnitt 2. Verantwortlicher angegebenen Anschrift. Alternativ steht Ihnen auf unserer Internetseite die E-Mail-Adressen zur Verf\u00fcgung, \u00fcber die Sie unter Angabe von Vor- und Nachname, E-Mail-Adresse und Ihrer Nachricht mit Betreff Kontakt zu uns aufnehmen k\u00f6nnen.<br> Zur Geltendmachung Ihrer Rechte, Meldung von Datenschutzvorf\u00e4llen sowie f\u00fcr Anregungen und Beschwerden hinsichtlich der Verarbeitung Ihrer personenbezogenen Daten empfehlen wir, dass Sie sich wenden an:<br> Sport- und Gesangverein Hochdorf e.V.<br> Kirchenweinbergweg 10<br> 71686 Remseck<\/p>\n\n\n\n<p>oder<\/p>\n\n\n\n<p class=\"has-cyan-bluish-gray-background-color has-background\"><a href=\"mailto:vorstan@sgv-hochdorf.de\"><strong>vorstand@sgv-hochdorf.de<\/strong><\/a><\/p>\n\n\n\n<p><strong>Stand: 17.10.2019<\/strong><\/p>\n\n\n\n<hr class=\"wp-block-separator has-text-color has-luminous-vivid-amber-color has-alpha-channel-opacity has-luminous-vivid-amber-background-color has-background\"\/>\n\n\n\n<p class=\"has-cyan-bluish-gray-background-color has-background\"><a href=\"mailto:info@remsecker-waldlauf.de\"><strong>info@remsecker-waldlauf.de<\/strong><\/a><\/p>\n","protected":false},"excerpt":{"rendered":"<p>Angaben gem\u00e4\u00df \u00a7 5 TMG: Ausrichter f\u00fcr den Remsecker Waldlauf und zust\u00e4ndig f\u00fcr die Erstellung der Homepage ist der Sport- und Gesangverein Hochdorf e.V.! Der Sport- und Gesangverein Hochdorf e.V. (im Folgenden SGV bzw. \u201eWir\u201c oder \u201eUns\u201c) freut sich \u00fcber Ihren Besuch unserer Internetseite (auch \u201eOnline-Angebot\u201c) und \u00fcber Ihr Interesse an unserem Waldlauf bzw. Verein. [&hellip;]<\/p>\n","protected":false},"author":1,"featured_media":0,"parent":0,"menu_order":0,"comment_status":"closed","ping_status":"closed","template":"","meta":{"pgc_sgb_lightbox_settings":"","two_page_speed":[],"footnotes":""},"class_list":["post-12","page","type-page","status-publish","hentry"],"_links":{"self":[{"href":"https:\/\/remsecker-waldlauf.de\/index.php?rest_route=\/wp\/v2\/pages\/12","targetHints":{"allow":["GET"]}}],"collection":[{"href":"https:\/\/remsecker-waldlauf.de\/index.php?rest_route=\/wp\/v2\/pages"}],"about":[{"href":"https:\/\/remsecker-waldlauf.de\/index.php?rest_route=\/wp\/v2\/types\/page"}],"author":[{"embeddable":true,"href":"https:\/\/remsecker-waldlauf.de\/index.php?rest_route=\/wp\/v2\/users\/1"}],"replies":[{"embeddable":true,"href":"https:\/\/remsecker-waldlauf.de\/index.php?rest_route=%2Fwp%2Fv2%2Fcomments&post=12"}],"version-history":[{"count":6,"href":"https:\/\/remsecker-waldlauf.de\/index.php?rest_route=\/wp\/v2\/pages\/12\/revisions"}],"predecessor-version":[{"id":912,"href":"https:\/\/remsecker-waldlauf.de\/index.php?rest_route=\/wp\/v2\/pages\/12\/revisions\/912"}],"wp:attachment":[{"href":"https:\/\/remsecker-waldlauf.de\/index.php?rest_route=%2Fwp%2Fv2%2Fmedia&parent=12"}],"curies":[{"name":"wp","href":"https:\/\/api.w.org\/{rel}","templated":true}]}}